{"id":4230,"date":"2025-06-18T09:29:41","date_gmt":"2025-06-18T15:29:41","guid":{"rendered":"https:\/\/www.hound-express.com\/hx\/?page_id=4230"},"modified":"2025-06-18T09:42:45","modified_gmt":"2025-06-18T15:42:45","slug":"terminos-y-condiciones","status":"publish","type":"page","link":"https:\/\/www.hound-express.com\/hx\/terminos-y-condiciones\/","title":{"rendered":"TERMINOS Y CONDICIONES DE USO"},"content":{"rendered":"\t\t<div data-elementor-type=\"wp-page\" data-elementor-id=\"4230\" class=\"elementor elementor-4230\" data-elementor-post-type=\"page\">\n\t\t\t\t<div class=\"elementor-element elementor-element-e281038 e-flex e-con-boxed e-con e-parent\" data-id=\"e281038\" data-element_type=\"container\" data-e-type=\"container\">\n\t\t\t\t\t<div class=\"e-con-inner\">\n\t\t\t\t<div class=\"elementor-element elementor-element-3b03486 elementor-widget elementor-widget-heading\" data-id=\"3b03486\" data-element_type=\"widget\" data-e-type=\"widget\" data-widget_type=\"heading.default\">\n\t\t\t\t<div class=\"elementor-widget-container\">\n\t\t\t\t\t<h2 class=\"elementor-heading-title elementor-size-default\">TERMINOS Y CONDICIONES DE USO<\/h2>\t\t\t\t<\/div>\n\t\t\t\t<\/div>\n\t\t\t\t<div class=\"elementor-element elementor-element-3d01c7b elementor-widget elementor-widget-text-editor\" data-id=\"3d01c7b\" data-element_type=\"widget\" data-e-type=\"widget\" data-widget_type=\"text-editor.default\">\n\t\t\t\t<div class=\"elementor-widget-container\">\n\t\t\t\t\t\t\t\t\t<p class=\"regular-m padding_top_chico\">En esta p\u00e1gina web encontrar\u00e1 una versi\u00f3n de referencia de los T\u00e9rminos y condiciones del sitio web de HOUND EXPRESS. Tenga en cuenta que se pueden aplicar otros t\u00e9rminos y condiciones en algunos pa\u00edses.<\/p>\n<p class=\"regular-m padding_top_chico\">A continuaci\u00f3n, se definen los T\u00e9rminos y condiciones de uso del sitio web de HOUND EXPRESS:<strong>&nbsp;<\/strong><\/p>\n<p class=\"bold-m padding_top_chico\"><strong>Derechos de autor.&nbsp;<\/strong><br>Los derechos de autor de esta publicaci\u00f3n son propiedad de Mastiff Group, S.A. de C.V. (HOUND EXPRESS).<strong>&nbsp;<\/strong><\/p>\n<p class=\"bold-m padding_top_chico\"><strong>Autorizaci\u00f3n para la reproducci\u00f3n.<\/strong><br>Cualquier persona podr\u00e1 reproducir cualquier parte del material de estas p\u00e1ginas web, siempre y cuando cumpla con las<br>siguientes condiciones:<\/p>\n<ul class=\"padding-top-16\">\n<li type=\"disc\">El material solo puede ser utilizado para prop\u00f3sitos informativos y sin fines de lucro.<\/li>\n<li type=\"disc\">El material no puede ser modificado de ninguna forma.<\/li>\n<li type=\"disc\">Se proh\u00edbe la copia no autorizada de las marcas registradas de HOUND EXPRESS.<\/li>\n<li type=\"disc\">La reproducci\u00f3n de cualquier fragmento de material debe incluir el siguiente aviso de derechos de autor:<br>Copyright \u00a9 Mastiff Group, S.A de C.V. Todos los derechos reservados.<\/li><\/ul>\n<p class=\"bold-m padding_top_chico\"><strong><br><\/strong><\/p><p class=\"bold-m padding_top_chico\"><strong>Marcas Registradas de HOUND EXPRESS.<\/strong><br>\u201cHound Express\u201d \u201cMastiff Group\u201d, son marcas registradas de Mastiff Group, S.A. de C.V., o cualquier otra compa\u00f1\u00eda del grupo, registradas en al menos una jurisdicci\u00f3n. No se otorga expresa ni impl\u00edcitamente ninguna licencia para ninguna de estas marcas registradas. Estas marcas registradas no pueden copiarse, descargarse, reproducirse, usarse, modificarse ni distribuirse de ninguna manera (excepto como parte integral de una copia autorizada del material que aparece en estas p\u00e1ginas web, seg\u00fan lo establecido en el p\u00e1rrafo de la secci\u00f3n anterior) sin un permiso escrito anticipado. Otras marcas registradas y nombres comerciales.<\/p>\n<p class=\"regular-m padding_top_chico\">Toda otra marca registrada o nombre comercial incluidos en este material son propiedad de sus respectivos due\u00f1os, y han dado su autorizacion para ser usados en el material y sitio web de HOUND EXPRESS.&nbsp;<\/p>\n<p class=\"bold-m padding_top_chico\"><strong>Sus comentarios.<\/strong><br>HOUND EXPRESS desea recibir sus comentarios, y valora sus ideas y sugerencias; sin embargo, es imposible responder a todos los comentarios de forma individual. HOUND EXPRESS tendr\u00e1 la libertad de utilizar cualquier tipo de informaci\u00f3n que env\u00ede y de actuar de acuerdo con ella.&nbsp;<strong>&nbsp;<\/strong><\/p>\n<p class=\"bold-m padding_top_chico\"><strong>Uso de las caracter\u00edsticas interactivas de este sitio.<\/strong><br>Para facilitar su experiencia de uso, HOUND EXPRESS podr\u00eda proporcionar caracter\u00edsticas interactivas en su sitio web, como opciones de rastreo y env\u00edo de comentarios. Se le otorga la autorizaci\u00f3n para utilizar estas caracter\u00edsticas \u00fanicamente para los prop\u00f3sitos que se especifican.&nbsp;<strong>&nbsp;<\/strong><\/p>\n<p class=\"bold-m padding_top_chico\"><strong>Exactitud del contenido de este sitio web.<\/strong><br>Estas p\u00e1ginas web pueden contener inexactitudes y errores tipogr\u00e1ficos involuntarios. Estas inexactitudes y errores ser\u00e1n corregidos a criterio de HOUND EXPRESS, en la medida en que sean identificados. La informaci\u00f3n de estas p\u00e1ginas web se actualiza de forma regular; sin embargo, es posible que se mantengan o surjan inexactitudes a partir de los cambios realizados entre actualizaciones. El servicio de Internet recibe mantenimiento independiente en distintos lugares del mundo, por lo que cierta parte de la informaci\u00f3n a la que se puede acceder en estas p\u00e1ginas web podr\u00eda ser de origen externo a HOUND EXPRESS. HOUND EXPRESS niega toda obligaci\u00f3n o responsabilidad por este contenido.<strong>&nbsp;<\/strong><\/p>\n<p class=\"bold-m padding_top_chico\"><strong>Virus<\/strong><br>HOUND EXPRESS lleva a cabo todas las medidas factibles para evitar la existencia de virus en estas p\u00e1ginas web; sin embargo, no puede asegurar que no existan virus y no asume la responsabilidad por incidentes con virus. El usuario es responsable de emplear las medidas de seguridad necesarias al descargar informaci\u00f3n de estas p\u00e1ginas web.<strong>&nbsp;<\/strong><\/p>\n<p class=\"bold-m padding_top_chico\"><strong>Exenci\u00f3n de garant\u00edas.<\/strong><br>Los servicios, el contenido y la informaci\u00f3n de este sitio web se ofrecen &#8220;tal como&#8221; se encuentran. HOUND EXPRESS renuncia, hasta donde la ley lo permita, a ofrecer cualquier tipo de garant\u00eda, ya sea expresa, t\u00e1cita, legal o de otro tipo, incluidas, entre otras, garant\u00edas de comerciabilidad, de capacidad para un prop\u00f3sito particular y de no violaci\u00f3n de los derechos de terceros. HOUND EXPRESS y sus afiliados y licenciantes no garantizan ni declaran acerca de la exactitud, integridad, seguridad o capacidad de acceso oportuno a los servicios, el contenido y la informaci\u00f3n que se ofrece a trav\u00e9s del sitio web de HOUND EXPRESS y sus sistemas. La informaci\u00f3n obtenida a trav\u00e9s del sitio web y los sistemas de HOUND EXPRESS no constituye ning\u00fan tipo de garant\u00eda, a menos que HOUND EXPRESS indique lo contrario de forma expl\u00edcita en estos t\u00e9rminos y condiciones.<\/p>\n<p class=\"regular-m padding_top_chico\">Algunas jurisdicciones no permiten la limitaci\u00f3n de garant\u00edas impl\u00edcitas, por lo que las excepciones y limitaciones de esta secci\u00f3n podr\u00edan no aplicarse a su caso. Si est\u00e1 utilizando estos servicios como consumidor, estas disposiciones no afectan aquellos derechos legales a los que usted no puede renunciar, si los hay. Acepta y reconoce que las limitaciones y exclusiones de responsabilidad y garant\u00eda indicadas en estos t\u00e9rminos y condiciones son justas y razonables.<b>&nbsp;<\/b><\/p>\n<p class=\"bold-m padding_top_chico\"><b>Limitaci\u00f3n de responsabilidad.<\/b><br>En la medida que lo permita la ley, HOUND EXPRESS, sus afiliados o licenciadores, o cualquier tercero mencionado en el sitio web de HOUND EXPRESS, no ser\u00e1n responsables de ning\u00fan modo por ning\u00fan da\u00f1o accidental, indirecto, ejemplar, punitivo, ni de lucro cesante, ni de da\u00f1os como consecuencia de la p\u00e9rdida de datos o de la interrupci\u00f3n del negocio a causa del uso o de la imposibilidad del uso del sitio web de HOUND EXPRESS y de los sistemas, de los servicios, del contenido o de la informaci\u00f3n de HOUND EXPRESS, ya sea que est\u00e9n basados en una garant\u00eda, un contrato, una infracci\u00f3n o cualquier otra teor\u00eda legal, e independientemente de si HOUND EXPRESS est\u00e1 o no al tanto de la posibilidad de tales da\u00f1os. Sin perjuicio de lo anterior y hasta el m\u00e1ximo punto permitido por la ley, acepta que, bajo ninguna circunstancia, la responsabilidad total de HOUND EXPRESS en cuanto a da\u00f1os (directos o de otro tipo) o p\u00e9rdidas, sin perjuicio del tipo de acci\u00f3n legal o reclamo llevados a cabo, como obligaci\u00f3n contractual, extracontractual o de otro tipo, superar\u00e1 el monto de 100 dolares. Hasta el m\u00e1ximo punto permitido por la ley, los recursos ofrecidos en estos t\u00e9rminos y condiciones son exclusivos y se limitan solo a aquellos ofrecidos de forma expresa en estos t\u00e9rminos y condiciones.<b>&nbsp;<\/b><\/p>\n<p class=\"bold-m padding_top_chico\"><b>Productos y servicios<\/b><br>A menos que se indique lo contrario por escrito, los productos y servicios de transporte que se ofrecen por medio de estas p\u00e1ginas web est\u00e1n sujetos a los T\u00e9rminos y condiciones de transporte de HOUND EXPRESS. Debido a que estos t\u00e9rminos y condiciones pueden variar seg\u00fan el pa\u00eds de origen del env\u00edo, se recomienda comunicarse con el centro de servicios de HOUND EXPRESS m\u00e1s cercano para obtener una copia de los t\u00e9rminos y condiciones locales. Es posible que no todos los productos y servicios de HOUND EXPRESS est\u00e9n disponibles en todos los pa\u00edses.<b>&nbsp;<\/b><\/p>\n<p class=\"bold-m padding_top_chico\"><b>Divulgaci\u00f3n de informaci\u00f3n.<\/b><br>Toda la informaci\u00f3n que los visitantes de estas p\u00e1ginas web proporcionan a HOUND EXPRESS se considera de car\u00e1cter confidencial y no ser\u00e1 divulgada a ning\u00fan tercero, a menos que sea necesario para ofrecer los servicios.<\/p>\t\t\t\t\t\t\t\t<\/div>\n\t\t\t\t<\/div>\n\t\t\t\t\t<\/div>\n\t\t\t\t<\/div>\n\t\t\t\t<\/div>\n\t\t","protected":false},"excerpt":{"rendered":"<p>TERMINOS Y CONDICIONES DE USO En esta p\u00e1gina web encontrar\u00e1 una versi\u00f3n de referencia de los T\u00e9rminos y condiciones del sitio web de HOUND EXPRESS. Tenga en cuenta que se pueden aplicar otros t\u00e9rminos y condiciones en algunos pa\u00edses. A continuaci\u00f3n, se definen los T\u00e9rminos y condiciones de uso del sitio web de HOUND EXPRESS:&nbsp; [&hellip;]<\/p>\n","protected":false},"author":1,"featured_media":0,"parent":0,"menu_order":0,"comment_status":"closed","ping_status":"closed","template":"","meta":{"_acf_changed":false,"footnotes":""},"class_list":["post-4230","page","type-page","status-publish","hentry"],"yoast_head":"<!-- This site is optimized with the Yoast SEO plugin v27.0 - https:\/\/yoast.com\/product\/yoast-seo-wordpress\/ -->\n<title>TERMINOS Y CONDICIONES DE USO - HX<\/title>\n<meta name=\"robots\" content=\"index, follow, max-snippet:-1, max-image-preview:large, max-video-preview:-1\" \/>\n<link rel=\"canonical\" href=\"https:\/\/www.hound-express.com\/hx\/terminos-y-condiciones\/\" \/>\n<meta property=\"og:locale\" content=\"es_MX\" \/>\n<meta property=\"og:type\" content=\"article\" \/>\n<meta property=\"og:title\" content=\"TERMINOS Y CONDICIONES DE USO - HX\" \/>\n<meta property=\"og:description\" content=\"TERMINOS Y CONDICIONES DE USO En esta p\u00e1gina web encontrar\u00e1 una versi\u00f3n de referencia de los T\u00e9rminos y condiciones del sitio web de HOUND EXPRESS. Tenga en cuenta que se pueden aplicar otros t\u00e9rminos y condiciones en algunos pa\u00edses. A continuaci\u00f3n, se definen los T\u00e9rminos y condiciones de uso del sitio web de HOUND EXPRESS:&nbsp; [&hellip;]\" \/>\n<meta property=\"og:url\" content=\"https:\/\/www.hound-express.com\/hx\/terminos-y-condiciones\/\" \/>\n<meta property=\"og:site_name\" content=\"HX\" \/>\n<meta property=\"article:publisher\" content=\"https:\/\/www.facebook.com\/houndexpress\/\" \/>\n<meta property=\"article:modified_time\" content=\"2025-06-18T15:42:45+00:00\" \/>\n<meta name=\"twitter:card\" content=\"summary_large_image\" \/>\n<meta name=\"twitter:label1\" content=\"Tiempo de lectura\" \/>\n\t<meta name=\"twitter:data1\" content=\"6 minutos\" \/>\n<script type=\"application\/ld+json\" class=\"yoast-schema-graph\">{\"@context\":\"https:\/\/schema.org\",\"@graph\":[{\"@type\":\"WebPage\",\"@id\":\"https:\/\/www.hound-express.com\/hx\/terminos-y-condiciones\/\",\"url\":\"https:\/\/www.hound-express.com\/hx\/terminos-y-condiciones\/\",\"name\":\"TERMINOS Y CONDICIONES DE USO - HX\",\"isPartOf\":{\"@id\":\"https:\/\/www.hound-express.com\/hx\/#website\"},\"datePublished\":\"2025-06-18T15:29:41+00:00\",\"dateModified\":\"2025-06-18T15:42:45+00:00\",\"breadcrumb\":{\"@id\":\"https:\/\/www.hound-express.com\/hx\/terminos-y-condiciones\/#breadcrumb\"},\"inLanguage\":\"es\",\"potentialAction\":[{\"@type\":\"ReadAction\",\"target\":[\"https:\/\/www.hound-express.com\/hx\/terminos-y-condiciones\/\"]}]},{\"@type\":\"BreadcrumbList\",\"@id\":\"https:\/\/www.hound-express.com\/hx\/terminos-y-condiciones\/#breadcrumb\",\"itemListElement\":[{\"@type\":\"ListItem\",\"position\":1,\"name\":\"Inicio\",\"item\":\"https:\/\/www.hound-express.com\/hx\/\"},{\"@type\":\"ListItem\",\"position\":2,\"name\":\"TERMINOS Y CONDICIONES DE USO\"}]},{\"@type\":\"WebSite\",\"@id\":\"https:\/\/www.hound-express.com\/hx\/#website\",\"url\":\"https:\/\/www.hound-express.com\/hx\/\",\"name\":\"HX\",\"description\":\"Expertos en log\u00edstica y comercio internacional en M\u00e9xico\",\"publisher\":{\"@id\":\"https:\/\/www.hound-express.com\/hx\/#organization\"},\"potentialAction\":[{\"@type\":\"SearchAction\",\"target\":{\"@type\":\"EntryPoint\",\"urlTemplate\":\"https:\/\/www.hound-express.com\/hx\/?s={search_term_string}\"},\"query-input\":{\"@type\":\"PropertyValueSpecification\",\"valueRequired\":true,\"valueName\":\"search_term_string\"}}],\"inLanguage\":\"es\"},{\"@type\":\"Organization\",\"@id\":\"https:\/\/www.hound-express.com\/hx\/#organization\",\"name\":\"Hound Express\",\"url\":\"https:\/\/www.hound-express.com\/hx\/\",\"logo\":{\"@type\":\"ImageObject\",\"inLanguage\":\"es\",\"@id\":\"https:\/\/www.hound-express.com\/hx\/#\/schema\/logo\/image\/\",\"url\":\"https:\/\/www.hound-express.com\/hx\/wp-content\/uploads\/2024\/04\/logo-hound-express-blanco.svg\",\"contentUrl\":\"https:\/\/www.hound-express.com\/hx\/wp-content\/uploads\/2024\/04\/logo-hound-express-blanco.svg\",\"width\":406,\"height\":133,\"caption\":\"Hound Express\"},\"image\":{\"@id\":\"https:\/\/www.hound-express.com\/hx\/#\/schema\/logo\/image\/\"},\"sameAs\":[\"https:\/\/www.facebook.com\/houndexpress\/\",\"https:\/\/www.instagram.com\/hound.express\/\",\"https:\/\/www.linkedin.com\/company\/hound-express\/\"]}]}<\/script>\n<!-- \/ Yoast SEO plugin. -->","yoast_head_json":{"title":"TERMINOS Y CONDICIONES DE USO - HX","robots":{"index":"index","follow":"follow","max-snippet":"max-snippet:-1","max-image-preview":"max-image-preview:large","max-video-preview":"max-video-preview:-1"},"canonical":"https:\/\/www.hound-express.com\/hx\/terminos-y-condiciones\/","og_locale":"es_MX","og_type":"article","og_title":"TERMINOS Y CONDICIONES DE USO - HX","og_description":"TERMINOS Y CONDICIONES DE USO En esta p\u00e1gina web encontrar\u00e1 una versi\u00f3n de referencia de los T\u00e9rminos y condiciones del sitio web de HOUND EXPRESS. Tenga en cuenta que se pueden aplicar otros t\u00e9rminos y condiciones en algunos pa\u00edses. A continuaci\u00f3n, se definen los T\u00e9rminos y condiciones de uso del sitio web de HOUND EXPRESS:&nbsp; [&hellip;]","og_url":"https:\/\/www.hound-express.com\/hx\/terminos-y-condiciones\/","og_site_name":"HX","article_publisher":"https:\/\/www.facebook.com\/houndexpress\/","article_modified_time":"2025-06-18T15:42:45+00:00","twitter_card":"summary_large_image","twitter_misc":{"Tiempo de lectura":"6 minutos"},"schema":{"@context":"https:\/\/schema.org","@graph":[{"@type":"WebPage","@id":"https:\/\/www.hound-express.com\/hx\/terminos-y-condiciones\/","url":"https:\/\/www.hound-express.com\/hx\/terminos-y-condiciones\/","name":"TERMINOS Y CONDICIONES DE USO - HX","isPartOf":{"@id":"https:\/\/www.hound-express.com\/hx\/#website"},"datePublished":"2025-06-18T15:29:41+00:00","dateModified":"2025-06-18T15:42:45+00:00","breadcrumb":{"@id":"https:\/\/www.hound-express.com\/hx\/terminos-y-condiciones\/#breadcrumb"},"inLanguage":"es","potentialAction":[{"@type":"ReadAction","target":["https:\/\/www.hound-express.com\/hx\/terminos-y-condiciones\/"]}]},{"@type":"BreadcrumbList","@id":"https:\/\/www.hound-express.com\/hx\/terminos-y-condiciones\/#breadcrumb","itemListElement":[{"@type":"ListItem","position":1,"name":"Inicio","item":"https:\/\/www.hound-express.com\/hx\/"},{"@type":"ListItem","position":2,"name":"TERMINOS Y CONDICIONES DE USO"}]},{"@type":"WebSite","@id":"https:\/\/www.hound-express.com\/hx\/#website","url":"https:\/\/www.hound-express.com\/hx\/","name":"HX","description":"Expertos en log\u00edstica y comercio internacional en M\u00e9xico","publisher":{"@id":"https:\/\/www.hound-express.com\/hx\/#organization"},"potentialAction":[{"@type":"SearchAction","target":{"@type":"EntryPoint","urlTemplate":"https:\/\/www.hound-express.com\/hx\/?s={search_term_string}"},"query-input":{"@type":"PropertyValueSpecification","valueRequired":true,"valueName":"search_term_string"}}],"inLanguage":"es"},{"@type":"Organization","@id":"https:\/\/www.hound-express.com\/hx\/#organization","name":"Hound Express","url":"https:\/\/www.hound-express.com\/hx\/","logo":{"@type":"ImageObject","inLanguage":"es","@id":"https:\/\/www.hound-express.com\/hx\/#\/schema\/logo\/image\/","url":"https:\/\/www.hound-express.com\/hx\/wp-content\/uploads\/2024\/04\/logo-hound-express-blanco.svg","contentUrl":"https:\/\/www.hound-express.com\/hx\/wp-content\/uploads\/2024\/04\/logo-hound-express-blanco.svg","width":406,"height":133,"caption":"Hound Express"},"image":{"@id":"https:\/\/www.hound-express.com\/hx\/#\/schema\/logo\/image\/"},"sameAs":["https:\/\/www.facebook.com\/houndexpress\/","https:\/\/www.instagram.com\/hound.express\/","https:\/\/www.linkedin.com\/company\/hound-express\/"]}]}},"acf":[],"rttpg_featured_image_url":null,"rttpg_author":{"display_name":"Hound Express","author_link":"https:\/\/www.hound-express.com\/hx\/author\/bernardo-tirado\/"},"rttpg_comment":0,"rttpg_category":null,"rttpg_excerpt":"TERMINOS Y CONDICIONES DE USO En esta p\u00e1gina web encontrar\u00e1 una versi\u00f3n de referencia de los T\u00e9rminos y condiciones del sitio web de HOUND EXPRESS. Tenga en cuenta que se pueden aplicar otros t\u00e9rminos y condiciones en algunos pa\u00edses. A continuaci\u00f3n, se definen los T\u00e9rminos y condiciones de uso del sitio web de HOUND EXPRESS:&nbsp;&hellip;","_links":{"self":[{"href":"https:\/\/www.hound-express.com\/hx\/wp-json\/wp\/v2\/pages\/4230","targetHints":{"allow":["GET"]}}],"collection":[{"href":"https:\/\/www.hound-express.com\/hx\/wp-json\/wp\/v2\/pages"}],"about":[{"href":"https:\/\/www.hound-express.com\/hx\/wp-json\/wp\/v2\/types\/page"}],"author":[{"embeddable":true,"href":"https:\/\/www.hound-express.com\/hx\/wp-json\/wp\/v2\/users\/1"}],"replies":[{"embeddable":true,"href":"https:\/\/www.hound-express.com\/hx\/wp-json\/wp\/v2\/comments?post=4230"}],"version-history":[{"count":22,"href":"https:\/\/www.hound-express.com\/hx\/wp-json\/wp\/v2\/pages\/4230\/revisions"}],"predecessor-version":[{"id":4252,"href":"https:\/\/www.hound-express.com\/hx\/wp-json\/wp\/v2\/pages\/4230\/revisions\/4252"}],"wp:attachment":[{"href":"https:\/\/www.hound-express.com\/hx\/wp-json\/wp\/v2\/media?parent=4230"}],"curies":[{"name":"wp","href":"https:\/\/api.w.org\/{rel}","templated":true}]}}